{"id":341,"date":"2018-06-20T06:18:52","date_gmt":"2018-06-20T06:18:52","guid":{"rendered":"https:\/\/hotellerv1.themegoods.com\/beach\/?page_id=341"},"modified":"2025-06-17T15:28:17","modified_gmt":"2025-06-17T15:28:17","slug":"localizacao","status":"publish","type":"page","link":"https:\/\/abrigodacascata.pt\/en\/location\/","title":{"rendered":"Location"},"content":{"rendered":"<div data-elementor-type=\"wp-post\" data-elementor-id=\"341\" class=\"elementor elementor-341\" data-elementor-post-type=\"page\">\n\t\t\t\t<div class=\"elementor-element elementor-element-1f931f7 e-flex e-con-boxed elementor-invisible e-con e-parent\" data-id=\"1f931f7\" data-element_type=\"container\" data-settings=\"{&quot;background_background&quot;:&quot;classic&quot;,&quot;animation&quot;:&quot;fadeInDown&quot;}\">\n\t\t\t\t\t<div class=\"e-con-inner\">\n\t\t<div class=\"elementor-element elementor-element-9338a41 e-con-full e-flex e-con e-child\" data-id=\"9338a41\" data-element_type=\"container\">\n\t\t\t\t<div class=\"elementor-element elementor-element-712581f elementor-invisible elementor-widget elementor-widget-heading\" data-id=\"712581f\" data-element_type=\"widget\" data-settings=\"{&quot;_animation&quot;:&quot;fadeInDown&quot;,&quot;_animation_delay&quot;:600}\" data-widget_type=\"heading.default\">\n\t\t\t\t<div class=\"elementor-widget-container\">\n\t\t\t\t\t<h1 class=\"elementor-heading-title elementor-size-default\">Abrigo da Cascata<\/h1>\t\t\t\t<\/div>\n\t\t\t\t<\/div>\n\t\t\t\t<div class=\"elementor-element elementor-element-683b462 elementor-invisible elementor-widget elementor-widget-heading\" data-id=\"683b462\" data-element_type=\"widget\" data-settings=\"{&quot;_animation&quot;:&quot;fadeInDown&quot;,&quot;_animation_delay&quot;:600}\" data-widget_type=\"heading.default\">\n\t\t\t\t<div class=\"elementor-widget-container\">\n\t\t\t\t\t<h3 class=\"elementor-heading-title elementor-size-default\">Location<\/h3>\t\t\t\t<\/div>\n\t\t\t\t<\/div>\n\t\t\t\t<\/div>\n\t\t\t\t\t<\/div>\n\t\t\t\t<\/div>\n\t\t<div class=\"elementor-element elementor-element-7a7d068 e-flex e-con-boxed elementor-invisible e-con e-parent\" data-id=\"7a7d068\" data-element_type=\"container\" data-settings=\"{&quot;animation&quot;:&quot;fadeInDown&quot;}\">\n\t\t\t\t\t<div class=\"e-con-inner\">\n\t\t\t\t<div class=\"elementor-element elementor-element-1c104bb elementor-widget elementor-widget-text-editor\" data-id=\"1c104bb\" data-element_type=\"widget\" data-widget_type=\"text-editor.default\">\n\t\t\t\t<div class=\"elementor-widget-container\">\n\t\t\t\t\t\t\t\t\t<p>Located in the heart of the Faj\u00e3s de S\u00e3o Jorge Biosphere Nature Reserve, this peaceful refuge offers a privileged spot to witness the most breathtaking sunsets.<\/p><p>Faj\u00e3 do Cavalete was primarily dedicated to vine cultivation. Its name originates from the traditional method of placing wine barrels on trestles aboard the boats that once set sail from this spot in ancient times.<\/p><p>We are delighted to arrange your reception or schedule activities. Please feel free to contact our team.<\/p>\t\t\t\t\t\t\t\t<\/div>\n\t\t\t\t<\/div>\n\t\t\t\t\t<\/div>\n\t\t\t\t<\/div>\n\t\t<div class=\"elementor-element elementor-element-70e9d9b e-flex e-con-boxed elementor-invisible e-con e-parent\" data-id=\"70e9d9b\" data-element_type=\"container\" data-settings=\"{&quot;animation&quot;:&quot;fadeInDown&quot;}\">\n\t\t\t\t\t<div class=\"e-con-inner\">\n\t\t<div class=\"elementor-element elementor-element-1b9d030 e-con-full e-flex e-con e-child\" data-id=\"1b9d030\" data-element_type=\"container\" data-settings=\"{&quot;background_background&quot;:&quot;classic&quot;}\">\n\t\t\t\t<div class=\"elementor-element elementor-element-575f57d elementor-widget elementor-widget-text-editor\" data-id=\"575f57d\" data-element_type=\"widget\" data-widget_type=\"text-editor.default\">\n\t\t\t\t<div class=\"elementor-widget-container\">\n\t\t\t\t\t\t\t\t\t<h3 class=\"flicker\" style=\"color: white;\">Abrigo da Cascata<\/h3><p>Faj\u00e3 do Cavalete, n.\u00ba 8<br \/>9850-210 Ribeira Seca<br \/>Calheta \u2013 Island of S\u00e3o Jorge \/ Azores<\/p><p><strong>GPS Location :<\/strong><br \/>38\u02da34\u201921.0\u2019\u2019N latitude<br \/>27\u02da54\u201950.9\u2019W longitude<\/p>\t\t\t\t\t\t\t\t<\/div>\n\t\t\t\t<\/div>\n\t\t\t\t<div class=\"elementor-element elementor-element-93bf032 elementor-align-center elementor-mobile-align-left elementor-invisible elementor-widget elementor-widget-button\" data-id=\"93bf032\" data-element_type=\"widget\" data-settings=\"{&quot;_animation&quot;:&quot;fadeInDown&quot;,&quot;_animation_delay&quot;:800}\" data-widget_type=\"button.default\">\n\t\t\t\t<div class=\"elementor-widget-container\">\n\t\t\t\t\t\t\t\t\t<div class=\"elementor-button-wrapper\">\n\t\t\t\t\t<a class=\"elementor-button elementor-button-link elementor-size-md elementor-animation-shrink\" href=\"https:\/\/www.google.com\/maps\/dir\/\/Faj%C3%A3+dos+Bodes,+Sao+jorge\/@38.5725865,-27.9970655,12z\/data=!3m1!4b1!4m8!4m7!1m0!1m5!1m1!1s0xb47b3ddcaa0e7db:0x22a729d5e10f387c!2m2!1d-27.9146645!2d38.5726154?entry=ttu&#038;g_ep=EgoyMDI1MDIwMi4wIKXMDSoASAFQAw%3D%3D%20\" target=\"_blank\">\n\t\t\t\t\t\t<span class=\"elementor-button-content-wrapper\">\n\t\t\t\t\t\t<span class=\"elementor-button-icon\">\n\t\t\t\t<svg aria-hidden=\"true\" class=\"e-font-icon-svg e-fas-map-marker-alt\" viewbox=\"0 0 384 512\" xmlns=\"http:\/\/www.w3.org\/2000\/svg\"><path d=\"M172.268 501.67C26.97 291.031 0 269.413 0 192 0 85.961 85.961 0 192 0s192 85.961 192 192c0 77.413-26.97 99.031-172.268 309.67-9.535 13.774-29.93 13.773-39.464 0zM192 272c44.183 0 80-35.817 80-80s-35.817-80-80-80-80 35.817-80 80 35.817 80 80 80z\"><\/path><\/svg>\t\t\t<\/span>\n\t\t\t\t\t\t\t\t\t<span class=\"elementor-button-text\">Directions<\/span>\n\t\t\t\t\t<\/span>\n\t\t\t\t\t<\/a>\n\t\t\t\t<\/div>\n\t\t\t\t\t\t\t\t<\/div>\n\t\t\t\t<\/div>\n\t\t\t\t<\/div>\n\t\t\t\t\t<\/div>\n\t\t\t\t<\/div>\n\t\t<div class=\"elementor-element elementor-element-2885afc e-flex e-con-boxed elementor-invisible e-con e-parent\" data-id=\"2885afc\" data-element_type=\"container\" data-settings=\"{&quot;animation&quot;:&quot;fadeInDown&quot;}\">\n\t\t\t\t\t<div class=\"e-con-inner\">\n\t\t<div class=\"elementor-element elementor-element-9d4e5a0 e-con-full e-flex e-con e-child\" data-id=\"9d4e5a0\" data-element_type=\"container\">\n\t\t\t\t<div class=\"elementor-element elementor-element-ad04363 elementor-widget elementor-widget-html\" data-id=\"ad04363\" data-element_type=\"widget\" data-widget_type=\"html.default\">\n\t\t\t\t<div class=\"elementor-widget-container\">\n\t\t\t\t\t<iframe src=\"https:\/\/www.google.com\/maps\/embed?pb=!1m23!1m12!1m3!1d6238.453484799633!2d-27.92375742773074!3d38.57462604949153!2m3!1f0!2f0!3f0!3m2!1i1024!2i768!4f13.1!4m8!3e6!4m0!4m5!1s0xb47b3ddcaa0e7db%3A0x22a729d5e10f387c!2sFaj%C3%A3%20dos%20Bodes%2C%20Sao%20jorge!3m2!1d38.5726154!2d-27.914664499999997!5e0!3m2!1spt-PT!2spt!4v1739192863293!5m2!1spt-PT!2spt\" width=\"600\" height=\"600\" style=\"border:0;\" allowfullscreen=\"\" loading=\"lazy\" referrerpolicy=\"no-referrer-when-downgrade\"><\/iframe>\t\t\t\t<\/div>\n\t\t\t\t<\/div>\n\t\t\t\t<\/div>\n\t\t\t\t\t<\/div>\n\t\t\t\t<\/div>\n\t\t<div class=\"elementor-element elementor-element-db765f6 e-flex e-con-boxed elementor-invisible e-con e-parent\" data-id=\"db765f6\" data-element_type=\"container\" data-settings=\"{&quot;background_background&quot;:&quot;classic&quot;,&quot;shape_divider_top&quot;:&quot;triangle-asymmetrical&quot;,&quot;shape_divider_top_negative&quot;:&quot;yes&quot;,&quot;shape_divider_bottom&quot;:&quot;triangle-asymmetrical&quot;,&quot;animation&quot;:&quot;fadeInDown&quot;}\">\n\t\t\t\t\t<div class=\"e-con-inner\">\n\t\t\t\t<div class=\"elementor-shape elementor-shape-top\" data-negative=\"true\">\n\t\t\t<svg xmlns=\"http:\/\/www.w3.org\/2000\/svg\" viewbox=\"0 0 1000 100\" preserveaspectratio=\"none\">\n\t<path class=\"elementor-shape-fill\" d=\"M737.9,94.7L0,0v100h1000V0L737.9,94.7z\"\/>\n<\/svg>\t\t<\/div>\n\t\t\t\t<div class=\"elementor-shape elementor-shape-bottom\" data-negative=\"false\">\n\t\t\t<svg xmlns=\"http:\/\/www.w3.org\/2000\/svg\" viewbox=\"0 0 1000 100\" preserveaspectratio=\"none\">\n\t<path class=\"elementor-shape-fill\" d=\"M738,99l262-93V0H0v5.6L738,99z\"\/>\n<\/svg>\t\t<\/div>\n\t\t\t\t<div class=\"elementor-element elementor-element-7c55648 elementor-widget elementor-widget-heading\" data-id=\"7c55648\" data-element_type=\"widget\" data-widget_type=\"heading.default\">\n\t\t\t\t<div class=\"elementor-widget-container\">\n\t\t\t\t\t<h2 class=\"elementor-heading-title elementor-size-default\">The Abrigo da Cascata accommodation is placed in Faj\u00e3 do Cavalete, near the village of Calheta, facing south of the island.<\/h2>\t\t\t\t<\/div>\n\t\t\t\t<\/div>\n\t\t\t\t\t<\/div>\n\t\t\t\t<\/div>\n\t\t<div class=\"elementor-element elementor-element-46fcad9 e-flex e-con-boxed elementor-invisible e-con e-parent\" data-id=\"46fcad9\" data-element_type=\"container\" data-settings=\"{&quot;animation&quot;:&quot;fadeInDown&quot;}\">\n\t\t\t\t\t<div class=\"e-con-inner\">\n\t\t\t\t<div class=\"elementor-element elementor-element-4c7bf74 elementor-widget elementor-widget-heading\" data-id=\"4c7bf74\" data-element_type=\"widget\" data-widget_type=\"heading.default\">\n\t\t\t\t<div class=\"elementor-widget-container\">\n\t\t\t\t\t<h2 class=\"elementor-heading-title elementor-size-default\">Destination: S\u00e3o Jorge Island, how to get to the accommodation:<\/h2>\t\t\t\t<\/div>\n\t\t\t\t<\/div>\n\t\t\t\t<div class=\"elementor-element elementor-element-e191b91 elementor-widget elementor-widget-text-editor\" data-id=\"e191b91\" data-element_type=\"widget\" data-widget_type=\"text-editor.default\">\n\t\t\t\t<div class=\"elementor-widget-container\">\n\t\t\t\t\t\t\t\t\t<p>Regardless of how you arrive on S\u00e3o Jorge Island \u2013 by boat or plane \u2013 make your way toward\u00a0<strong>Faj\u00e3 dos Vimes<\/strong> via the EN2 road as your reference point. Upon reaching Faj\u00e3 dos Vimes, turn left onto a dirt road leading to Faj\u00e3 dos Bodes for 2 kms. Along the way, follow the wooden signs for Abrigo da Cascata, guiding you to the square of Faj\u00e3 dos Bodes, near the community oven. Park your vehicle and contact our staff \u2013 we will transport your luggage for the remaining 450 meters along the footpath (SJ PR03) to the accommodation. Walk the trail, immerse yourself in the sounds of nature, take in the breathtaking landscape, and get ready for an unforgettable experience of pure connection with nature. #INSIDEYOURNATURE<\/p>\t\t\t\t\t\t\t\t<\/div>\n\t\t\t\t<\/div>\n\t\t\t\t\t<\/div>\n\t\t\t\t<\/div>\n\t\t<div class=\"elementor-element elementor-element-f91fd80 e-flex e-con-boxed e-con e-parent\" data-id=\"f91fd80\" data-element_type=\"container\">\n\t\t\t\t\t<div class=\"e-con-inner\">\n\t\t\t\t<div class=\"elementor-element elementor-element-c00cdc3 elementor-widget elementor-widget-image\" data-id=\"c00cdc3\" data-element_type=\"widget\" data-widget_type=\"image.default\">\n\t\t\t\t<div class=\"elementor-widget-container\">\n\t\t\t\t\t\t\t\t\t\t\t\t\t\t\t<img fetchpriority=\"high\" decoding=\"async\" width=\"1024\" height=\"344\" src=\"https:\/\/abrigodacascata.pt\/wp-content\/uploads\/2024\/05\/Way_01-1-1024x344.webp\" class=\"attachment-large size-large wp-image-5298\" alt=\"\" srcset=\"https:\/\/abrigodacascata.pt\/wp-content\/uploads\/2024\/05\/Way_01-1-1024x344.webp 1024w, https:\/\/abrigodacascata.pt\/wp-content\/uploads\/2024\/05\/Way_01-1-300x101.webp 300w, https:\/\/abrigodacascata.pt\/wp-content\/uploads\/2024\/05\/Way_01-1-768x258.webp 768w, https:\/\/abrigodacascata.pt\/wp-content\/uploads\/2024\/05\/Way_01-1-1536x515.webp 1536w, https:\/\/abrigodacascata.pt\/wp-content\/uploads\/2024\/05\/Way_01-1-18x6.webp 18w, https:\/\/abrigodacascata.pt\/wp-content\/uploads\/2024\/05\/Way_01-1.webp 1550w\" sizes=\"(max-width: 1024px) 100vw, 1024px\" \/>\t\t\t\t\t\t\t\t\t\t\t\t\t\t\t<\/div>\n\t\t\t\t<\/div>\n\t\t\t\t\t<\/div>\n\t\t\t\t<\/div>\n\t\t\t\t<section class=\"elementor-section elementor-top-section elementor-element elementor-element-cb93d0b elementor-section-height-min-height elementor-section-boxed elementor-section-height-default elementor-section-items-middle elementor-invisible\" data-id=\"cb93d0b\" data-element_type=\"section\" data-settings=\"{&quot;background_background&quot;:&quot;classic&quot;,&quot;shape_divider_top&quot;:&quot;triangle-asymmetrical&quot;,&quot;shape_divider_top_negative&quot;:&quot;yes&quot;,&quot;animation&quot;:&quot;fadeInUp&quot;}\">\n\t\t\t\t\t<div class=\"elementor-shape elementor-shape-top\" data-negative=\"true\">\n\t\t\t<svg xmlns=\"http:\/\/www.w3.org\/2000\/svg\" viewbox=\"0 0 1000 100\" preserveaspectratio=\"none\">\n\t<path class=\"elementor-shape-fill\" d=\"M737.9,94.7L0,0v100h1000V0L737.9,94.7z\"\/>\n<\/svg>\t\t<\/div>\n\t\t\t\t\t<div class=\"elementor-container elementor-column-gap-default\">\n\t\t\t\t\t<div class=\"elementor-column elementor-col-100 elementor-top-column elementor-element elementor-element-49f832db\" data-id=\"49f832db\" data-element_type=\"column\">\n\t\t\t<div class=\"elementor-widget-wrap elementor-element-populated\">\n\t\t\t\t\t\t<div class=\"elementor-element elementor-element-7207fa1b elementor-align-center elementor-widget elementor-widget-button\" data-id=\"7207fa1b\" data-element_type=\"widget\" data-widget_type=\"button.default\">\n\t\t\t\t<div class=\"elementor-widget-container\">\n\t\t\t\t\t\t\t\t\t<div class=\"elementor-button-wrapper\">\n\t\t\t\t\t<a class=\"elementor-button elementor-button-link elementor-size-sm\" href=\"http:\/\/reservation.mirai.com\/XMAS\/reservation\/miraiFrontDispatcher.htm?idtokenprovider=100380087\">\n\t\t\t\t\t\t<span class=\"elementor-button-content-wrapper\">\n\t\t\t\t\t\t\t\t\t<span class=\"elementor-button-text\">BOOK NOW<\/span>\n\t\t\t\t\t<\/span>\n\t\t\t\t\t<\/a>\n\t\t\t\t<\/div>\n\t\t\t\t\t\t\t\t<\/div>\n\t\t\t\t<\/div>\n\t\t\t\t\t<\/div>\n\t\t<\/div>\n\t\t\t\t\t<\/div>\n\t\t<\/section>\n\t\t\t\t<\/div>","protected":false},"excerpt":{"rendered":"<p>Abrigo da Cascata Localiza\u00e7\u00e3o Integrado em plena Reserva Natural da Biosfera das Faj\u00e3s de S\u00e3o Jorge, este descontra\u00eddo espa\u00e7o \u00e9 um lugar privilegiado para assistir aos mais belos espet\u00e1culos do p\u00f4r-do-sol. A Faj\u00e3 do Cavalete, \u00e9 \u00a0uma localidade essencialmente focada no cultivo da vinha. O seu nome deve-se \u00e0 forma de coloca\u00e7\u00e3o dos barris de [&hellip;]<\/p>","protected":false},"author":1,"featured_media":0,"parent":0,"menu_order":0,"comment_status":"closed","ping_status":"closed","template":"elementor_header_footer","meta":{"sfsi_plus_gutenberg_text_before_share":"","sfsi_plus_gutenberg_show_text_before_share":"","sfsi_plus_gutenberg_icon_type":"","sfsi_plus_gutenberg_icon_alignemt":"","sfsi_plus_gutenburg_max_per_row":"","footnotes":""},"class_list":["post-341","page","type-page","status-publish","hentry"],"blocksy_meta":[],"_links":{"self":[{"href":"https:\/\/abrigodacascata.pt\/en\/wp-json\/wp\/v2\/pages\/341","targetHints":{"allow":["GET"]}}],"collection":[{"href":"https:\/\/abrigodacascata.pt\/en\/wp-json\/wp\/v2\/pages"}],"about":[{"href":"https:\/\/abrigodacascata.pt\/en\/wp-json\/wp\/v2\/types\/page"}],"author":[{"embeddable":true,"href":"https:\/\/abrigodacascata.pt\/en\/wp-json\/wp\/v2\/users\/1"}],"replies":[{"embeddable":true,"href":"https:\/\/abrigodacascata.pt\/en\/wp-json\/wp\/v2\/comments?post=341"}],"version-history":[{"count":230,"href":"https:\/\/abrigodacascata.pt\/en\/wp-json\/wp\/v2\/pages\/341\/revisions"}],"predecessor-version":[{"id":6073,"href":"https:\/\/abrigodacascata.pt\/en\/wp-json\/wp\/v2\/pages\/341\/revisions\/6073"}],"wp:attachment":[{"href":"https:\/\/abrigodacascata.pt\/en\/wp-json\/wp\/v2\/media?parent=341"}],"curies":[{"name":"wp","href":"https:\/\/api.w.org\/{rel}","templated":true}]}}